{"id":9,"date":"2021-10-13T21:52:32","date_gmt":"2021-10-13T19:52:32","guid":{"rendered":"http:\/\/progwin.home.pl\/autoinstalator\/wordpressplugins1\/?page_id=9"},"modified":"2024-03-11T14:24:08","modified_gmt":"2024-03-11T13:24:08","slug":"dane-kontaktowe","status":"publish","type":"page","link":"https:\/\/przedwojenneobligacje.com.pl\/","title":{"rendered":"Dane kontaktowe"},"content":{"rendered":"\n<p>Nazwa: &#8222;<strong>Stowarzyszenie Posiadaczy Przedwojennych Obligacji &#8211; Wierzycieli Skarbu Pa\u0144stwa<\/strong>&#8222;<br>adres: 03-908 Warszawa, ul. Berezy\u0144ska 29 lok. 1<br><br>NIP: 525-243-98-50<br>Regon: 141175380<br>Stowarzyszenie jest wpisane do Krajowego Rejestru S\u0105dowego Stowarzysze\u0144 pod numerem <strong>0000230926<\/strong><\/p>\n\n\n\n<p>Preferowany jest kontakt drog\u0105 internetow\u0105. <br>Prosimy o kontakt mailowy: <strong>obligacje@gmail.com<\/strong> i niewysy\u0142anie list\u00f3w poleconych!<\/p>\n","protected":false},"excerpt":{"rendered":"<p>Nazwa: &#8222;Stowarzyszenie Posiadaczy Przedwojennych Obligacji &#8211; Wierzycieli Skarbu Pa\u0144stwa&#8222;adres: 03-908 Warszawa, ul. Berezy\u0144ska 29 lok. 1 NIP: 525-243-98-50Regon: 141175380Stowarzyszenie jest wpisane do Krajowego Rejestru S\u0105dowego Stowarzysze\u0144 pod numerem 0000230926 Preferowany jest kontakt drog\u0105 internetow\u0105. Prosimy o kontakt mailowy: obligacje@gmail.com i niewysy\u0142anie list\u00f3w poleconych!<\/p>\n","protected":false},"author":1,"featured_media":0,"parent":0,"menu_order":0,"comment_status":"closed","ping_status":"closed","template":"","meta":{"footnotes":""},"class_list":["post-9","page","type-page","status-publish","hentry"],"yoast_head":"<!-- This site is optimized with the Yoast SEO plugin v21.4 - https:\/\/yoast.com\/wordpress\/plugins\/seo\/ -->\n<title>Dane kontaktowe - Przedwojenne Obligacje<\/title>\n<meta name=\"robots\" content=\"index, follow, max-snippet:-1, max-image-preview:large, max-video-preview:-1\" \/>\n<link rel=\"canonical\" href=\"https:\/\/przedwojenneobligacje.com.pl\/\" \/>\n<meta property=\"og:locale\" content=\"pl_PL\" \/>\n<meta property=\"og:type\" content=\"article\" \/>\n<meta property=\"og:title\" content=\"Dane kontaktowe - Przedwojenne Obligacje\" \/>\n<meta property=\"og:description\" content=\"Nazwa: &#8222;Stowarzyszenie Posiadaczy Przedwojennych Obligacji &#8211; Wierzycieli Skarbu Pa\u0144stwa&#8222;adres: 03-908 Warszawa, ul. Berezy\u0144ska 29 lok. 1 NIP: 525-243-98-50Regon: 141175380Stowarzyszenie jest wpisane do Krajowego Rejestru S\u0105dowego Stowarzysze\u0144 pod numerem 0000230926 Preferowany jest kontakt drog\u0105 internetow\u0105. Prosimy o kontakt mailowy: obligacje@gmail.com i niewysy\u0142anie list\u00f3w poleconych!\" \/>\n<meta property=\"og:url\" content=\"https:\/\/przedwojenneobligacje.com.pl\/\" \/>\n<meta property=\"og:site_name\" content=\"Przedwojenne Obligacje\" \/>\n<meta property=\"article:modified_time\" content=\"2024-03-11T13:24:08+00:00\" \/>\n<meta name=\"twitter:card\" content=\"summary_large_image\" \/>\n<meta name=\"twitter:label1\" content=\"Szacowany czas czytania\" \/>\n\t<meta name=\"twitter:data1\" content=\"1 minuta\" \/>\n<script type=\"application\/ld+json\" class=\"yoast-schema-graph\">{\"@context\":\"https:\/\/schema.org\",\"@graph\":[{\"@type\":\"WebPage\",\"@id\":\"https:\/\/przedwojenneobligacje.com.pl\/\",\"url\":\"https:\/\/przedwojenneobligacje.com.pl\/\",\"name\":\"Dane kontaktowe - Przedwojenne Obligacje\",\"isPartOf\":{\"@id\":\"https:\/\/przedwojenneobligacje.com.pl\/#website\"},\"datePublished\":\"2021-10-13T19:52:32+00:00\",\"dateModified\":\"2024-03-11T13:24:08+00:00\",\"breadcrumb\":{\"@id\":\"https:\/\/przedwojenneobligacje.com.pl\/#breadcrumb\"},\"inLanguage\":\"pl-PL\",\"potentialAction\":[{\"@type\":\"ReadAction\",\"target\":[\"https:\/\/przedwojenneobligacje.com.pl\/\"]}]},{\"@type\":\"BreadcrumbList\",\"@id\":\"https:\/\/przedwojenneobligacje.com.pl\/#breadcrumb\",\"itemListElement\":[{\"@type\":\"ListItem\",\"position\":1,\"name\":\"Home\",\"item\":\"https:\/\/przedwojenneobligacje.com.pl\/\"},{\"@type\":\"ListItem\",\"position\":2,\"name\":\"Dane kontaktowe\"}]},{\"@type\":\"WebSite\",\"@id\":\"https:\/\/przedwojenneobligacje.com.pl\/#website\",\"url\":\"https:\/\/przedwojenneobligacje.com.pl\/\",\"name\":\"Przedwojenne Obligacje\",\"description\":\"\",\"potentialAction\":[{\"@type\":\"SearchAction\",\"target\":{\"@type\":\"EntryPoint\",\"urlTemplate\":\"https:\/\/przedwojenneobligacje.com.pl\/?s={search_term_string}\"},\"query-input\":\"required name=search_term_string\"}],\"inLanguage\":\"pl-PL\"}]}<\/script>\n<!-- \/ Yoast SEO plugin. -->","yoast_head_json":{"title":"Dane kontaktowe - Przedwojenne Obligacje","robots":{"index":"index","follow":"follow","max-snippet":"max-snippet:-1","max-image-preview":"max-image-preview:large","max-video-preview":"max-video-preview:-1"},"canonical":"https:\/\/przedwojenneobligacje.com.pl\/","og_locale":"pl_PL","og_type":"article","og_title":"Dane kontaktowe - Przedwojenne Obligacje","og_description":"Nazwa: &#8222;Stowarzyszenie Posiadaczy Przedwojennych Obligacji &#8211; Wierzycieli Skarbu Pa\u0144stwa&#8222;adres: 03-908 Warszawa, ul. Berezy\u0144ska 29 lok. 1 NIP: 525-243-98-50Regon: 141175380Stowarzyszenie jest wpisane do Krajowego Rejestru S\u0105dowego Stowarzysze\u0144 pod numerem 0000230926 Preferowany jest kontakt drog\u0105 internetow\u0105. Prosimy o kontakt mailowy: obligacje@gmail.com i niewysy\u0142anie list\u00f3w poleconych!","og_url":"https:\/\/przedwojenneobligacje.com.pl\/","og_site_name":"Przedwojenne Obligacje","article_modified_time":"2024-03-11T13:24:08+00:00","twitter_card":"summary_large_image","twitter_misc":{"Szacowany czas czytania":"1 minuta"},"schema":{"@context":"https:\/\/schema.org","@graph":[{"@type":"WebPage","@id":"https:\/\/przedwojenneobligacje.com.pl\/","url":"https:\/\/przedwojenneobligacje.com.pl\/","name":"Dane kontaktowe - Przedwojenne Obligacje","isPartOf":{"@id":"https:\/\/przedwojenneobligacje.com.pl\/#website"},"datePublished":"2021-10-13T19:52:32+00:00","dateModified":"2024-03-11T13:24:08+00:00","breadcrumb":{"@id":"https:\/\/przedwojenneobligacje.com.pl\/#breadcrumb"},"inLanguage":"pl-PL","potentialAction":[{"@type":"ReadAction","target":["https:\/\/przedwojenneobligacje.com.pl\/"]}]},{"@type":"BreadcrumbList","@id":"https:\/\/przedwojenneobligacje.com.pl\/#breadcrumb","itemListElement":[{"@type":"ListItem","position":1,"name":"Home","item":"https:\/\/przedwojenneobligacje.com.pl\/"},{"@type":"ListItem","position":2,"name":"Dane kontaktowe"}]},{"@type":"WebSite","@id":"https:\/\/przedwojenneobligacje.com.pl\/#website","url":"https:\/\/przedwojenneobligacje.com.pl\/","name":"Przedwojenne Obligacje","description":"","potentialAction":[{"@type":"SearchAction","target":{"@type":"EntryPoint","urlTemplate":"https:\/\/przedwojenneobligacje.com.pl\/?s={search_term_string}"},"query-input":"required name=search_term_string"}],"inLanguage":"pl-PL"}]}},"_links":{"self":[{"href":"https:\/\/przedwojenneobligacje.com.pl\/index.php?rest_route=\/wp\/v2\/pages\/9","targetHints":{"allow":["GET"]}}],"collection":[{"href":"https:\/\/przedwojenneobligacje.com.pl\/index.php?rest_route=\/wp\/v2\/pages"}],"about":[{"href":"https:\/\/przedwojenneobligacje.com.pl\/index.php?rest_route=\/wp\/v2\/types\/page"}],"author":[{"embeddable":true,"href":"https:\/\/przedwojenneobligacje.com.pl\/index.php?rest_route=\/wp\/v2\/users\/1"}],"replies":[{"embeddable":true,"href":"https:\/\/przedwojenneobligacje.com.pl\/index.php?rest_route=%2Fwp%2Fv2%2Fcomments&post=9"}],"version-history":[{"count":8,"href":"https:\/\/przedwojenneobligacje.com.pl\/index.php?rest_route=\/wp\/v2\/pages\/9\/revisions"}],"predecessor-version":[{"id":171,"href":"https:\/\/przedwojenneobligacje.com.pl\/index.php?rest_route=\/wp\/v2\/pages\/9\/revisions\/171"}],"wp:attachment":[{"href":"https:\/\/przedwojenneobligacje.com.pl\/index.php?rest_route=%2Fwp%2Fv2%2Fmedia&parent=9"}],"curies":[{"name":"wp","href":"https:\/\/api.w.org\/{rel}","templated":true}]}}