{"id":176,"date":"2024-11-29T18:24:03","date_gmt":"2024-11-29T17:24:03","guid":{"rendered":"https:\/\/przedwojenneobligacje.pl\/?page_id=176"},"modified":"2025-12-20T20:29:46","modified_gmt":"2025-12-20T19:29:46","slug":"czlonkowie-stowarzyszenia-mowia","status":"publish","type":"page","link":"https:\/\/przedwojenneobligacje.com.pl\/?page_id=176","title":{"rendered":"Cz\u0142onkowie Stowarzyszenia m\u00f3wi\u0105&#8230;"},"content":{"rendered":"\n<p>\u00a0\u00a0\u00a0\u00a0<\/p>\n\n\n\n<blockquote class=\"wp-block-quote is-layout-flow wp-block-quote-is-layout-flow\">\n<p>&#8221; \u2026 Posiadane obligacje przedwojenne otrzyma\u0142am od mojej Mamy, kt\u00f3ra dosta\u0142a je od swoich Rodzic\u00f3w, a moich Dziadk\u00f3w \u2013 Bronis\u0142awy i Stanis\u0142awa Michowicz\u00f3w. Babcia by\u0142a nauczycielk\u0105, a Dziadek pracowa\u0142 jako pogranicznik.<br>Oboje Dziadkowie, urodzeni &#8211; kiedy Pa\u0144stwo Polskie nie by\u0142o wolne &#8211; ju\u017c jako ludzie doro\u015bli niezwykle cenili \u015bwie\u017co odzyskan\u0105 niepodleg\u0142o\u015b\u0107 Polski w 1918 r. Kiedy Rzeczpospolita potrzebowa\u0142a pomocy ze strony swoich Obywateli, udzielili jej, kupuj\u0105c obligacje pa\u0144stwowe, a tym samym \u2013 jako patrioci \u2013 wsparli Rzeczpospolit\u0105 Polsk\u0105.\u201d<\/p>\n\n\n\n<p>Jolanta Sok\u00f3\u0142, Prezes Zarz\u0105du<\/p>\n<\/blockquote>\n\n\n\n<blockquote class=\"wp-block-quote is-layout-flow wp-block-quote-is-layout-flow\">\n<p>\u201e \u2026 Obligacje otrzyma\u0142am od mojego Taty \u2013 Romana Arnolda, kt\u00f3ry z kolei dosta\u0142 je od swojej Matki \u2013 Heleny Arnold. Helena Arnold by\u0142a c\u00f3rk\u0105 Heleny Zaj\u0105czkowskiej, kt\u00f3ra wraz z bra\u0107mi: Stanis\u0142awem i W\u0142adys\u0142awem Mikstein zakupili obligacje jako lokat\u0119 kapita\u0142u.\u201d<\/p>\n\n\n\n<p>Justyna Arnold, Cz\u0142onek Zarz\u0105du<\/p>\n<\/blockquote>\n\n\n\n<blockquote class=\"wp-block-quote is-layout-flow wp-block-quote-is-layout-flow\">\n<p>\u201e \u2026 Przedwojenne obligacje odziedziczy\u0142am po moim Dziadku Wiktorze, kt\u00f3ry od lat 20. XX wieku prowadzi\u0142 warsztat instalatorski, Zakupi\u0142 obligacje z kilku powod\u00f3w. Jako \u015bl\u0105ski Polak poczuwa\u0142 si\u0119 do obowi\u0105zku okazania w ten spos\u00f3b pomocy m\u0142odemu pa\u0144stwu, a tak\u017ce my\u015bla\u0142 o przysz\u0142o\u015bci, kiedy b\u0119dzie musia\u0142 wyda\u0107 za m\u0105\u017c trzy c\u00f3rki. Jako najstarszy z rodze\u0144stwa zawsze pomaga\u0142 braciom i siostrom, wi\u0119c przysz\u0142a realizacja obligacji powinna zaspokoi\u0107 potrzeby rodzinne. Wydatek zakupu sze\u015bciu obligacji nie by\u0142 finansowo \u0142atwy do uniesienia, bo Dziadek by\u0142 jedyn\u0105 osob\u0105 pracuj\u0105c\u0105 na utrzymanie 5-osobowej rodziny. W latach 60. Dziadek uleg\u0142 wypadkowi drogowemu nie ze swojej winy. Z dnia na dzie\u0144 przesta\u0142 prowadzi\u0107 warsztat. Po wypadku pozosta\u0142 a\u017c do \u015bmierci w 1975 r. osob\u0105 niepe\u0142nosprawn\u0105 bez mo\u017cliwo\u015bci chodzenia. Nie stosowano wtedy jeszcze endoprotez. Utrzymywa\u0142 siebie i \u017con\u0119 z niewielkiej renty i z rozgoryczeniem wspomina\u0142 przedwojenne &nbsp;obligacje, kt\u00f3re bardzo by Mu si\u0119 wtedy przyda\u0142y. Pozosta\u0142y mi w pami\u0119ci smutne s\u0142owa &nbsp;Dziadka: \u00ab Nie kupuj nigdy \u017cadnych obligacji, bo widzisz, z czym zosta\u0142em.\u00bb\u201d<\/p>\n\n\n\n<p>A.R., Katowice<\/p>\n<\/blockquote>\n\n\n\n<blockquote class=\"wp-block-quote is-layout-flow wp-block-quote-is-layout-flow\">\n<p>\u201e \u2026 Ja mam 96 lat, a obligacje dosta\u0142am [\u2026] od mojego Ojca\u00a0 &#8211; A.G.<\/p>\n\n\n\n<p>Jak Ojciec je kupi\u0142, to ja mia\u0142am 5 lat.<\/p>\n\n\n\n<p>Czy do\u017cyj\u0119, aby do\u015bwiadczy\u0107, \u017ce Pa\u0144stwo Polskie dotrzyma obietnicy z\u0142o\u017conej Obywatelowi?\u201d<\/p>\n\n\n\n<p>J.H., Gdynia<\/p>\n<\/blockquote>\n","protected":false},"excerpt":{"rendered":"<p>\u00a0\u00a0\u00a0\u00a0 &#8221; \u2026 Posiadane obligacje przedwojenne otrzyma\u0142am od mojej Mamy, kt\u00f3ra dosta\u0142a je od swoich Rodzic\u00f3w, a moich Dziadk\u00f3w \u2013 Bronis\u0142awy i Stanis\u0142awa Michowicz\u00f3w. Babcia by\u0142a nauczycielk\u0105, a Dziadek pracowa\u0142 jako pogranicznik.Oboje Dziadkowie, urodzeni &#8211; kiedy Pa\u0144stwo Polskie nie by\u0142o wolne &#8211; ju\u017c jako ludzie [&hellip;]<\/p>\n","protected":false},"author":1,"featured_media":0,"parent":0,"menu_order":0,"comment_status":"closed","ping_status":"closed","template":"","meta":{"footnotes":""},"class_list":["post-176","page","type-page","status-publish","hentry"],"yoast_head":"<!-- This site is optimized with the Yoast SEO plugin v21.4 - https:\/\/yoast.com\/wordpress\/plugins\/seo\/ -->\n<title>Cz\u0142onkowie Stowarzyszenia m\u00f3wi\u0105... - Przedwojenne Obligacje<\/title>\n<meta name=\"robots\" content=\"index, follow, max-snippet:-1, max-image-preview:large, max-video-preview:-1\" \/>\n<link rel=\"canonical\" href=\"https:\/\/przedwojenneobligacje.com.pl\/?page_id=176\" \/>\n<meta property=\"og:locale\" content=\"pl_PL\" \/>\n<meta property=\"og:type\" content=\"article\" \/>\n<meta property=\"og:title\" content=\"Cz\u0142onkowie Stowarzyszenia m\u00f3wi\u0105... - Przedwojenne Obligacje\" \/>\n<meta property=\"og:description\" content=\"\u00a0\u00a0\u00a0\u00a0 &#8221; \u2026 Posiadane obligacje przedwojenne otrzyma\u0142am od mojej Mamy, kt\u00f3ra dosta\u0142a je od swoich Rodzic\u00f3w, a moich Dziadk\u00f3w \u2013 Bronis\u0142awy i Stanis\u0142awa Michowicz\u00f3w. Babcia by\u0142a nauczycielk\u0105, a Dziadek pracowa\u0142 jako pogranicznik.Oboje Dziadkowie, urodzeni &#8211; kiedy Pa\u0144stwo Polskie nie by\u0142o wolne &#8211; ju\u017c jako ludzie [&hellip;]\" \/>\n<meta property=\"og:url\" content=\"https:\/\/przedwojenneobligacje.com.pl\/?page_id=176\" \/>\n<meta property=\"og:site_name\" content=\"Przedwojenne Obligacje\" \/>\n<meta property=\"article:modified_time\" content=\"2025-12-20T19:29:46+00:00\" \/>\n<meta name=\"twitter:card\" content=\"summary_large_image\" \/>\n<script type=\"application\/ld+json\" class=\"yoast-schema-graph\">{\"@context\":\"https:\/\/schema.org\",\"@graph\":[{\"@type\":\"WebPage\",\"@id\":\"https:\/\/przedwojenneobligacje.com.pl\/?page_id=176\",\"url\":\"https:\/\/przedwojenneobligacje.com.pl\/?page_id=176\",\"name\":\"Cz\u0142onkowie Stowarzyszenia m\u00f3wi\u0105... - Przedwojenne Obligacje\",\"isPartOf\":{\"@id\":\"https:\/\/przedwojenneobligacje.com.pl\/#website\"},\"datePublished\":\"2024-11-29T17:24:03+00:00\",\"dateModified\":\"2025-12-20T19:29:46+00:00\",\"breadcrumb\":{\"@id\":\"https:\/\/przedwojenneobligacje.com.pl\/?page_id=176#breadcrumb\"},\"inLanguage\":\"pl-PL\",\"potentialAction\":[{\"@type\":\"ReadAction\",\"target\":[\"https:\/\/przedwojenneobligacje.com.pl\/?page_id=176\"]}]},{\"@type\":\"BreadcrumbList\",\"@id\":\"https:\/\/przedwojenneobligacje.com.pl\/?page_id=176#breadcrumb\",\"itemListElement\":[{\"@type\":\"ListItem\",\"position\":1,\"name\":\"Home\",\"item\":\"https:\/\/przedwojenneobligacje.com.pl\/\"},{\"@type\":\"ListItem\",\"position\":2,\"name\":\"Cz\u0142onkowie Stowarzyszenia m\u00f3wi\u0105&#8230;\"}]},{\"@type\":\"WebSite\",\"@id\":\"https:\/\/przedwojenneobligacje.com.pl\/#website\",\"url\":\"https:\/\/przedwojenneobligacje.com.pl\/\",\"name\":\"Przedwojenne Obligacje\",\"description\":\"\",\"potentialAction\":[{\"@type\":\"SearchAction\",\"target\":{\"@type\":\"EntryPoint\",\"urlTemplate\":\"https:\/\/przedwojenneobligacje.com.pl\/?s={search_term_string}\"},\"query-input\":\"required name=search_term_string\"}],\"inLanguage\":\"pl-PL\"}]}<\/script>\n<!-- \/ Yoast SEO plugin. -->","yoast_head_json":{"title":"Cz\u0142onkowie Stowarzyszenia m\u00f3wi\u0105... - Przedwojenne Obligacje","robots":{"index":"index","follow":"follow","max-snippet":"max-snippet:-1","max-image-preview":"max-image-preview:large","max-video-preview":"max-video-preview:-1"},"canonical":"https:\/\/przedwojenneobligacje.com.pl\/?page_id=176","og_locale":"pl_PL","og_type":"article","og_title":"Cz\u0142onkowie Stowarzyszenia m\u00f3wi\u0105... - Przedwojenne Obligacje","og_description":"\u00a0\u00a0\u00a0\u00a0 &#8221; \u2026 Posiadane obligacje przedwojenne otrzyma\u0142am od mojej Mamy, kt\u00f3ra dosta\u0142a je od swoich Rodzic\u00f3w, a moich Dziadk\u00f3w \u2013 Bronis\u0142awy i Stanis\u0142awa Michowicz\u00f3w. Babcia by\u0142a nauczycielk\u0105, a Dziadek pracowa\u0142 jako pogranicznik.Oboje Dziadkowie, urodzeni &#8211; kiedy Pa\u0144stwo Polskie nie by\u0142o wolne &#8211; ju\u017c jako ludzie [&hellip;]","og_url":"https:\/\/przedwojenneobligacje.com.pl\/?page_id=176","og_site_name":"Przedwojenne Obligacje","article_modified_time":"2025-12-20T19:29:46+00:00","twitter_card":"summary_large_image","schema":{"@context":"https:\/\/schema.org","@graph":[{"@type":"WebPage","@id":"https:\/\/przedwojenneobligacje.com.pl\/?page_id=176","url":"https:\/\/przedwojenneobligacje.com.pl\/?page_id=176","name":"Cz\u0142onkowie Stowarzyszenia m\u00f3wi\u0105... - Przedwojenne Obligacje","isPartOf":{"@id":"https:\/\/przedwojenneobligacje.com.pl\/#website"},"datePublished":"2024-11-29T17:24:03+00:00","dateModified":"2025-12-20T19:29:46+00:00","breadcrumb":{"@id":"https:\/\/przedwojenneobligacje.com.pl\/?page_id=176#breadcrumb"},"inLanguage":"pl-PL","potentialAction":[{"@type":"ReadAction","target":["https:\/\/przedwojenneobligacje.com.pl\/?page_id=176"]}]},{"@type":"BreadcrumbList","@id":"https:\/\/przedwojenneobligacje.com.pl\/?page_id=176#breadcrumb","itemListElement":[{"@type":"ListItem","position":1,"name":"Home","item":"https:\/\/przedwojenneobligacje.com.pl\/"},{"@type":"ListItem","position":2,"name":"Cz\u0142onkowie Stowarzyszenia m\u00f3wi\u0105&#8230;"}]},{"@type":"WebSite","@id":"https:\/\/przedwojenneobligacje.com.pl\/#website","url":"https:\/\/przedwojenneobligacje.com.pl\/","name":"Przedwojenne Obligacje","description":"","potentialAction":[{"@type":"SearchAction","target":{"@type":"EntryPoint","urlTemplate":"https:\/\/przedwojenneobligacje.com.pl\/?s={search_term_string}"},"query-input":"required name=search_term_string"}],"inLanguage":"pl-PL"}]}},"_links":{"self":[{"href":"https:\/\/przedwojenneobligacje.com.pl\/index.php?rest_route=\/wp\/v2\/pages\/176","targetHints":{"allow":["GET"]}}],"collection":[{"href":"https:\/\/przedwojenneobligacje.com.pl\/index.php?rest_route=\/wp\/v2\/pages"}],"about":[{"href":"https:\/\/przedwojenneobligacje.com.pl\/index.php?rest_route=\/wp\/v2\/types\/page"}],"author":[{"embeddable":true,"href":"https:\/\/przedwojenneobligacje.com.pl\/index.php?rest_route=\/wp\/v2\/users\/1"}],"replies":[{"embeddable":true,"href":"https:\/\/przedwojenneobligacje.com.pl\/index.php?rest_route=%2Fwp%2Fv2%2Fcomments&post=176"}],"version-history":[{"count":3,"href":"https:\/\/przedwojenneobligacje.com.pl\/index.php?rest_route=\/wp\/v2\/pages\/176\/revisions"}],"predecessor-version":[{"id":190,"href":"https:\/\/przedwojenneobligacje.com.pl\/index.php?rest_route=\/wp\/v2\/pages\/176\/revisions\/190"}],"wp:attachment":[{"href":"https:\/\/przedwojenneobligacje.com.pl\/index.php?rest_route=%2Fwp%2Fv2%2Fmedia&parent=176"}],"curies":[{"name":"wp","href":"https:\/\/api.w.org\/{rel}","templated":true}]}}