{"id":148,"date":"2021-12-04T20:25:33","date_gmt":"2021-12-04T19:25:33","guid":{"rendered":"https:\/\/przedwojenneobligacje.pl\/?page_id=148"},"modified":"2025-12-20T20:30:59","modified_gmt":"2025-12-20T19:30:59","slug":"informacje","status":"publish","type":"page","link":"https:\/\/przedwojenneobligacje.com.pl\/?page_id=148","title":{"rendered":"Informacje"},"content":{"rendered":"\n<p>Pan Tomasz Stachera od dnia 7.10 2023 r. nie pe\u0142ni ju\u017c funkcji Prezesa Stowarzyszenia.<\/p>\n\n\n\n<div data-wp-interactive=\"core\/file\" class=\"wp-block-file\"><object data-wp-bind--hidden=\"!state.hasPdfPreview\" hidden class=\"wp-block-file__embed\" data=\"https:\/\/przedwojenneobligacje.com.pl\/wp-content\/uploads\/2021\/11\/info_3_10_2021.pdf\" type=\"application\/pdf\" style=\"width:100%;height:600px\" aria-label=\"Osadzone z info_3_10_2021.\"><\/object><a id=\"wp-block-file--media-5c2b192b-eb4c-4d9c-9c0c-13036458a050\" href=\"https:\/\/przedwojenneobligacje.com.pl\/wp-content\/uploads\/2021\/11\/info_3_10_2021.pdf\">info_3_10_2021<\/a><a href=\"https:\/\/przedwojenneobligacje.com.pl\/wp-content\/uploads\/2021\/11\/info_3_10_2021.pdf\" class=\"wp-block-file__button wp-element-button\" download aria-describedby=\"wp-block-file--media-5c2b192b-eb4c-4d9c-9c0c-13036458a050\">Pobierz<\/a><\/div>\n\n\n\n<div data-wp-interactive=\"core\/file\" class=\"wp-block-file\"><object data-wp-bind--hidden=\"!state.hasPdfPreview\" hidden class=\"wp-block-file__embed\" data=\"https:\/\/przedwojenneobligacje.com.pl\/wp-content\/uploads\/2021\/11\/wezwanie_184_czlonkow.pdf\" type=\"application\/pdf\" style=\"width:100%;height:600px\" aria-label=\"Osadzone z wezwanie_184_czlonkow.\"><\/object><a id=\"wp-block-file--media-b650abb7-41cd-4bc3-b853-459f3cb773c9\" href=\"https:\/\/przedwojenneobligacje.com.pl\/wp-content\/uploads\/2021\/11\/wezwanie_184_czlonkow.pdf\">wezwanie_184_czlonkow<\/a><a href=\"https:\/\/przedwojenneobligacje.com.pl\/wp-content\/uploads\/2021\/11\/wezwanie_184_czlonkow.pdf\" class=\"wp-block-file__button wp-element-button\" download aria-describedby=\"wp-block-file--media-b650abb7-41cd-4bc3-b853-459f3cb773c9\">Pobierz<\/a><\/div>\n\n\n\n<p>Posiadaczy przedwojennych obligacji skarbu Pa\u0144stwa zainteresowanych do przyst\u0105pienia&nbsp;do stowarzyszenia prosimy o kontakt poprzez telefon, email, list pocztowy. Dane adresowe pod przyciskiem Dane Kontaktowe.<\/p>\n","protected":false},"excerpt":{"rendered":"<p>Pan Tomasz Stachera od dnia 7.10 2023 r. nie pe\u0142ni ju\u017c funkcji Prezesa Stowarzyszenia. Posiadaczy przedwojennych obligacji skarbu Pa\u0144stwa zainteresowanych do przyst\u0105pienia&nbsp;do stowarzyszenia prosimy o kontakt poprzez telefon, email, list pocztowy. Dane adresowe pod przyciskiem Dane Kontaktowe.<\/p>\n","protected":false},"author":1,"featured_media":0,"parent":0,"menu_order":0,"comment_status":"closed","ping_status":"closed","template":"","meta":{"footnotes":""},"class_list":["post-148","page","type-page","status-publish","hentry"],"yoast_head":"<!-- This site is optimized with the Yoast SEO plugin v21.4 - https:\/\/yoast.com\/wordpress\/plugins\/seo\/ -->\n<title>Informacje - Przedwojenne Obligacje<\/title>\n<meta name=\"robots\" content=\"index, follow, max-snippet:-1, max-image-preview:large, max-video-preview:-1\" \/>\n<link rel=\"canonical\" href=\"https:\/\/przedwojenneobligacje.com.pl\/?page_id=148\" \/>\n<meta property=\"og:locale\" content=\"pl_PL\" \/>\n<meta property=\"og:type\" content=\"article\" \/>\n<meta property=\"og:title\" content=\"Informacje - Przedwojenne Obligacje\" \/>\n<meta property=\"og:description\" content=\"Pan Tomasz Stachera od dnia 7.10 2023 r. nie pe\u0142ni ju\u017c funkcji Prezesa Stowarzyszenia. Posiadaczy przedwojennych obligacji skarbu Pa\u0144stwa zainteresowanych do przyst\u0105pienia&nbsp;do stowarzyszenia prosimy o kontakt poprzez telefon, email, list pocztowy. Dane adresowe pod przyciskiem Dane Kontaktowe.\" \/>\n<meta property=\"og:url\" content=\"https:\/\/przedwojenneobligacje.com.pl\/?page_id=148\" \/>\n<meta property=\"og:site_name\" content=\"Przedwojenne Obligacje\" \/>\n<meta property=\"article:modified_time\" content=\"2025-12-20T19:30:59+00:00\" \/>\n<meta name=\"twitter:card\" content=\"summary_large_image\" \/>\n<meta name=\"twitter:label1\" content=\"Szacowany czas czytania\" \/>\n\t<meta name=\"twitter:data1\" content=\"1 minuta\" \/>\n<script type=\"application\/ld+json\" class=\"yoast-schema-graph\">{\"@context\":\"https:\/\/schema.org\",\"@graph\":[{\"@type\":\"WebPage\",\"@id\":\"https:\/\/przedwojenneobligacje.com.pl\/?page_id=148\",\"url\":\"https:\/\/przedwojenneobligacje.com.pl\/?page_id=148\",\"name\":\"Informacje - Przedwojenne Obligacje\",\"isPartOf\":{\"@id\":\"https:\/\/przedwojenneobligacje.com.pl\/#website\"},\"datePublished\":\"2021-12-04T19:25:33+00:00\",\"dateModified\":\"2025-12-20T19:30:59+00:00\",\"breadcrumb\":{\"@id\":\"https:\/\/przedwojenneobligacje.com.pl\/?page_id=148#breadcrumb\"},\"inLanguage\":\"pl-PL\",\"potentialAction\":[{\"@type\":\"ReadAction\",\"target\":[\"https:\/\/przedwojenneobligacje.com.pl\/?page_id=148\"]}]},{\"@type\":\"BreadcrumbList\",\"@id\":\"https:\/\/przedwojenneobligacje.com.pl\/?page_id=148#breadcrumb\",\"itemListElement\":[{\"@type\":\"ListItem\",\"position\":1,\"name\":\"Home\",\"item\":\"https:\/\/przedwojenneobligacje.com.pl\/\"},{\"@type\":\"ListItem\",\"position\":2,\"name\":\"Informacje\"}]},{\"@type\":\"WebSite\",\"@id\":\"https:\/\/przedwojenneobligacje.com.pl\/#website\",\"url\":\"https:\/\/przedwojenneobligacje.com.pl\/\",\"name\":\"Przedwojenne Obligacje\",\"description\":\"\",\"potentialAction\":[{\"@type\":\"SearchAction\",\"target\":{\"@type\":\"EntryPoint\",\"urlTemplate\":\"https:\/\/przedwojenneobligacje.com.pl\/?s={search_term_string}\"},\"query-input\":\"required name=search_term_string\"}],\"inLanguage\":\"pl-PL\"}]}<\/script>\n<!-- \/ Yoast SEO plugin. -->","yoast_head_json":{"title":"Informacje - Przedwojenne Obligacje","robots":{"index":"index","follow":"follow","max-snippet":"max-snippet:-1","max-image-preview":"max-image-preview:large","max-video-preview":"max-video-preview:-1"},"canonical":"https:\/\/przedwojenneobligacje.com.pl\/?page_id=148","og_locale":"pl_PL","og_type":"article","og_title":"Informacje - Przedwojenne Obligacje","og_description":"Pan Tomasz Stachera od dnia 7.10 2023 r. nie pe\u0142ni ju\u017c funkcji Prezesa Stowarzyszenia. Posiadaczy przedwojennych obligacji skarbu Pa\u0144stwa zainteresowanych do przyst\u0105pienia&nbsp;do stowarzyszenia prosimy o kontakt poprzez telefon, email, list pocztowy. Dane adresowe pod przyciskiem Dane Kontaktowe.","og_url":"https:\/\/przedwojenneobligacje.com.pl\/?page_id=148","og_site_name":"Przedwojenne Obligacje","article_modified_time":"2025-12-20T19:30:59+00:00","twitter_card":"summary_large_image","twitter_misc":{"Szacowany czas czytania":"1 minuta"},"schema":{"@context":"https:\/\/schema.org","@graph":[{"@type":"WebPage","@id":"https:\/\/przedwojenneobligacje.com.pl\/?page_id=148","url":"https:\/\/przedwojenneobligacje.com.pl\/?page_id=148","name":"Informacje - Przedwojenne Obligacje","isPartOf":{"@id":"https:\/\/przedwojenneobligacje.com.pl\/#website"},"datePublished":"2021-12-04T19:25:33+00:00","dateModified":"2025-12-20T19:30:59+00:00","breadcrumb":{"@id":"https:\/\/przedwojenneobligacje.com.pl\/?page_id=148#breadcrumb"},"inLanguage":"pl-PL","potentialAction":[{"@type":"ReadAction","target":["https:\/\/przedwojenneobligacje.com.pl\/?page_id=148"]}]},{"@type":"BreadcrumbList","@id":"https:\/\/przedwojenneobligacje.com.pl\/?page_id=148#breadcrumb","itemListElement":[{"@type":"ListItem","position":1,"name":"Home","item":"https:\/\/przedwojenneobligacje.com.pl\/"},{"@type":"ListItem","position":2,"name":"Informacje"}]},{"@type":"WebSite","@id":"https:\/\/przedwojenneobligacje.com.pl\/#website","url":"https:\/\/przedwojenneobligacje.com.pl\/","name":"Przedwojenne Obligacje","description":"","potentialAction":[{"@type":"SearchAction","target":{"@type":"EntryPoint","urlTemplate":"https:\/\/przedwojenneobligacje.com.pl\/?s={search_term_string}"},"query-input":"required name=search_term_string"}],"inLanguage":"pl-PL"}]}},"_links":{"self":[{"href":"https:\/\/przedwojenneobligacje.com.pl\/index.php?rest_route=\/wp\/v2\/pages\/148","targetHints":{"allow":["GET"]}}],"collection":[{"href":"https:\/\/przedwojenneobligacje.com.pl\/index.php?rest_route=\/wp\/v2\/pages"}],"about":[{"href":"https:\/\/przedwojenneobligacje.com.pl\/index.php?rest_route=\/wp\/v2\/types\/page"}],"author":[{"embeddable":true,"href":"https:\/\/przedwojenneobligacje.com.pl\/index.php?rest_route=\/wp\/v2\/users\/1"}],"replies":[{"embeddable":true,"href":"https:\/\/przedwojenneobligacje.com.pl\/index.php?rest_route=%2Fwp%2Fv2%2Fcomments&post=148"}],"version-history":[{"count":5,"href":"https:\/\/przedwojenneobligacje.com.pl\/index.php?rest_route=\/wp\/v2\/pages\/148\/revisions"}],"predecessor-version":[{"id":191,"href":"https:\/\/przedwojenneobligacje.com.pl\/index.php?rest_route=\/wp\/v2\/pages\/148\/revisions\/191"}],"wp:attachment":[{"href":"https:\/\/przedwojenneobligacje.com.pl\/index.php?rest_route=%2Fwp%2Fv2%2Fmedia&parent=148"}],"curies":[{"name":"wp","href":"https:\/\/api.w.org\/{rel}","templated":true}]}}