{"id":13,"date":"2021-10-13T21:53:15","date_gmt":"2021-10-13T19:53:15","guid":{"rendered":"http:\/\/progwin.home.pl\/autoinstalator\/wordpressplugins1\/?page_id=13"},"modified":"2021-10-25T11:25:57","modified_gmt":"2021-10-25T09:25:57","slug":"historia-stowarzyszenia","status":"publish","type":"page","link":"https:\/\/przedwojenneobligacje.com.pl\/?page_id=13","title":{"rendered":"Historia Stowarzyszenia"},"content":{"rendered":"<p>Trzecia Rzeczpospolita od wielu ju\u017c lat po\u017cycza pieni\u0105dze od swoich obywateli, emituj\u0105c coraz to nowe obligacje skarbowe. Podobne dzia\u0142ania podejmowa\u0142y te\u017c w\u0142adze Drugiej Rzeczypospolitej, wypuszczaj\u0105c kilkadziesi\u0105t serii po\u017cyczek obligacyjnych. Polacy, kupuj\u0105c te papiery, dzia\u0142ali bardzo cz\u0119sto z pobudek patriotycznych, traktuj\u0105c swe wydatki jako inwestycj\u0119 w dobro wsp\u00f3lne. Zaci\u0105gni\u0119te w\u00f3wczas zobowi\u0105zania do dnia dzisiejszego nie zosta\u0142y sp\u0142acone, za\u015b prawa tysi\u0119cy posiadaczy przedwojennych obligacji s\u0105 od lat lekcewa\u017cone. W poczuciu bezsilno\u015bci obligatariusze postanowili w ko\u0144cu powo\u0142a\u0107<\/p>\n<p>Stowarzyszenie Posiadaczy Przedwojennych Obligacji \u2013 Wierzycieli Skarbu Pa\u0144stwa.<\/p>\n<p>Trwaj\u0105ce od lat zwodzenie posiadacz obligacji i rozczarowanie wywo\u0142ane istniej\u0105cym stanem rzeczy, sk\u0142oni\u0142y kilkudziesi\u0119ciu posiadaczy obligacji z terenu ca\u0142ej Polski do powo\u0142ania dnia 29.01.2005 r. Stowarzyszenia Posiadaczy Przedwojennych Obligacji \u2013 Wierzycieli Skarbu Pa\u0144stwa z siedzib\u0105 w Warszawie. Inicjatywa powo\u0142ania og\u00f3lnopolskiego Stowarzyszenia zrodzi\u0142a si\u0119 z potrzeby wsp\u00f3lnej ochrony interes\u00f3w obligatariuszy, od lat usi\u0142uj\u0105cych uzyska\u0107 rekompensaty za przedwojenne obligacje skarbowe. Celami Stowarzyszenia jest podejmowanie dzia\u0142a\u0144 dla uzyskania ekwiwalentu za przedwojenne obligacje emitowane lub gwarantowane przez Skarb Pa\u0144stwa, udzielanie pomocy i informacji cz\u0142onkom Stowarzyszenia w sprawach zwi\u0105zanych z uzyskaniem ekwiwalentu za przedwojenne obligacje, prowadzenie dzia\u0142alno\u015bci propagandowej i informacyjnej dotycz\u0105cej przedwojennych obligacji oraz ochrona r\u00f3wno\u015bci praw cz\u0142onk\u00f3w Stowarzyszenia.<\/p>\n<p>Postanowieniem S\u0105du Rejestrowego w Warszawie z dnia 1.04.2005 r. Stowarzyszenie wpisane zosta\u0142o do Rejestru Stowarzysze\u0144 pod numerem KRS 0000230926 i tym samym uzyska\u0142o osobowo\u015b\u0107 prawn\u0105.<\/p>\n<p>Stowarzyszenie, dzia\u0142aj\u0105c w graniach obowi\u0105zuj\u0105cego prawa, zamierza zaj\u0105\u0107 zdecydowan\u0105 postaw\u0119 wobec problemu niezrealizowanych zobowi\u0105za\u0144, zar\u00f3wno na forum krajowym (dzia\u0142aj\u0105c w ramach Og\u00f3lnopolskiego Stowarzyszenia Organizacji Rewindykacyjnych), jak i mi\u0119dzynarodowym (na forum Groupement National de Defense des Porteurs de Titres Anciens &#8211; GNDPTA).<\/p>\n<p>Powo\u0142anie Stowarzyszenia umo\u017cliwi posiadaczom obligacji skuteczniejsze podejmowanie obrony swych praw, jak r\u00f3wnie\u017c pozwoli na wskazanie opinii publicznej \u017cywego wci\u0105\u017c zagadnienia, jakim s\u0105 niewykupione obligacje Drugiej Rzeczypospolitej.<\/p>\n<p>Obecnie za najwa\u017cniejsze Zarz\u0105d Stowarzyszenia uznaje podj\u0119cie dzia\u0142a\u0144 zmierzaj\u0105cych do powstania og\u00f3lnokrajowego rejestru os\u00f3b posiadaczy przedwojennych obligacji oraz w ich imieniu zg\u0142asza\u0107 roszczenia do Skarbu Pa\u0144stwa o wykup posiadanych obligacji.<\/p>\n","protected":false},"excerpt":{"rendered":"<p>Trzecia Rzeczpospolita od wielu ju\u017c lat po\u017cycza pieni\u0105dze od swoich obywateli, emituj\u0105c coraz to nowe obligacje skarbowe. Podobne dzia\u0142ania podejmowa\u0142y te\u017c w\u0142adze Drugiej Rzeczypospolitej, wypuszczaj\u0105c kilkadziesi\u0105t serii po\u017cyczek obligacyjnych. Polacy, kupuj\u0105c te papiery, dzia\u0142ali bardzo cz\u0119sto z pobudek patriotycznych, traktuj\u0105c swe wydatki jako inwestycj\u0119 w [&hellip;]<\/p>\n","protected":false},"author":1,"featured_media":0,"parent":0,"menu_order":0,"comment_status":"closed","ping_status":"closed","template":"","meta":{"footnotes":""},"class_list":["post-13","page","type-page","status-publish","hentry"],"yoast_head":"<!-- This site is optimized with the Yoast SEO plugin v21.4 - https:\/\/yoast.com\/wordpress\/plugins\/seo\/ -->\n<title>Historia Stowarzyszenia - Przedwojenne Obligacje<\/title>\n<meta name=\"robots\" content=\"index, follow, max-snippet:-1, max-image-preview:large, max-video-preview:-1\" \/>\n<link rel=\"canonical\" href=\"https:\/\/przedwojenneobligacje.com.pl\/?page_id=13\" \/>\n<meta property=\"og:locale\" content=\"pl_PL\" \/>\n<meta property=\"og:type\" content=\"article\" \/>\n<meta property=\"og:title\" content=\"Historia Stowarzyszenia - Przedwojenne Obligacje\" \/>\n<meta property=\"og:description\" content=\"Trzecia Rzeczpospolita od wielu ju\u017c lat po\u017cycza pieni\u0105dze od swoich obywateli, emituj\u0105c coraz to nowe obligacje skarbowe. Podobne dzia\u0142ania podejmowa\u0142y te\u017c w\u0142adze Drugiej Rzeczypospolitej, wypuszczaj\u0105c kilkadziesi\u0105t serii po\u017cyczek obligacyjnych. Polacy, kupuj\u0105c te papiery, dzia\u0142ali bardzo cz\u0119sto z pobudek patriotycznych, traktuj\u0105c swe wydatki jako inwestycj\u0119 w [&hellip;]\" \/>\n<meta property=\"og:url\" content=\"https:\/\/przedwojenneobligacje.com.pl\/?page_id=13\" \/>\n<meta property=\"og:site_name\" content=\"Przedwojenne Obligacje\" \/>\n<meta property=\"article:modified_time\" content=\"2021-10-25T09:25:57+00:00\" \/>\n<meta name=\"twitter:card\" content=\"summary_large_image\" \/>\n<meta name=\"twitter:label1\" content=\"Szacowany czas czytania\" \/>\n\t<meta name=\"twitter:data1\" content=\"2 minuty\" \/>\n<script type=\"application\/ld+json\" class=\"yoast-schema-graph\">{\"@context\":\"https:\/\/schema.org\",\"@graph\":[{\"@type\":\"WebPage\",\"@id\":\"https:\/\/przedwojenneobligacje.com.pl\/?page_id=13\",\"url\":\"https:\/\/przedwojenneobligacje.com.pl\/?page_id=13\",\"name\":\"Historia Stowarzyszenia - Przedwojenne Obligacje\",\"isPartOf\":{\"@id\":\"https:\/\/przedwojenneobligacje.com.pl\/#website\"},\"datePublished\":\"2021-10-13T19:53:15+00:00\",\"dateModified\":\"2021-10-25T09:25:57+00:00\",\"breadcrumb\":{\"@id\":\"https:\/\/przedwojenneobligacje.com.pl\/?page_id=13#breadcrumb\"},\"inLanguage\":\"pl-PL\",\"potentialAction\":[{\"@type\":\"ReadAction\",\"target\":[\"https:\/\/przedwojenneobligacje.com.pl\/?page_id=13\"]}]},{\"@type\":\"BreadcrumbList\",\"@id\":\"https:\/\/przedwojenneobligacje.com.pl\/?page_id=13#breadcrumb\",\"itemListElement\":[{\"@type\":\"ListItem\",\"position\":1,\"name\":\"Home\",\"item\":\"https:\/\/przedwojenneobligacje.com.pl\/\"},{\"@type\":\"ListItem\",\"position\":2,\"name\":\"Historia Stowarzyszenia\"}]},{\"@type\":\"WebSite\",\"@id\":\"https:\/\/przedwojenneobligacje.com.pl\/#website\",\"url\":\"https:\/\/przedwojenneobligacje.com.pl\/\",\"name\":\"Przedwojenne Obligacje\",\"description\":\"\",\"potentialAction\":[{\"@type\":\"SearchAction\",\"target\":{\"@type\":\"EntryPoint\",\"urlTemplate\":\"https:\/\/przedwojenneobligacje.com.pl\/?s={search_term_string}\"},\"query-input\":\"required name=search_term_string\"}],\"inLanguage\":\"pl-PL\"}]}<\/script>\n<!-- \/ Yoast SEO plugin. -->","yoast_head_json":{"title":"Historia Stowarzyszenia - Przedwojenne Obligacje","robots":{"index":"index","follow":"follow","max-snippet":"max-snippet:-1","max-image-preview":"max-image-preview:large","max-video-preview":"max-video-preview:-1"},"canonical":"https:\/\/przedwojenneobligacje.com.pl\/?page_id=13","og_locale":"pl_PL","og_type":"article","og_title":"Historia Stowarzyszenia - Przedwojenne Obligacje","og_description":"Trzecia Rzeczpospolita od wielu ju\u017c lat po\u017cycza pieni\u0105dze od swoich obywateli, emituj\u0105c coraz to nowe obligacje skarbowe. Podobne dzia\u0142ania podejmowa\u0142y te\u017c w\u0142adze Drugiej Rzeczypospolitej, wypuszczaj\u0105c kilkadziesi\u0105t serii po\u017cyczek obligacyjnych. Polacy, kupuj\u0105c te papiery, dzia\u0142ali bardzo cz\u0119sto z pobudek patriotycznych, traktuj\u0105c swe wydatki jako inwestycj\u0119 w [&hellip;]","og_url":"https:\/\/przedwojenneobligacje.com.pl\/?page_id=13","og_site_name":"Przedwojenne Obligacje","article_modified_time":"2021-10-25T09:25:57+00:00","twitter_card":"summary_large_image","twitter_misc":{"Szacowany czas czytania":"2 minuty"},"schema":{"@context":"https:\/\/schema.org","@graph":[{"@type":"WebPage","@id":"https:\/\/przedwojenneobligacje.com.pl\/?page_id=13","url":"https:\/\/przedwojenneobligacje.com.pl\/?page_id=13","name":"Historia Stowarzyszenia - Przedwojenne Obligacje","isPartOf":{"@id":"https:\/\/przedwojenneobligacje.com.pl\/#website"},"datePublished":"2021-10-13T19:53:15+00:00","dateModified":"2021-10-25T09:25:57+00:00","breadcrumb":{"@id":"https:\/\/przedwojenneobligacje.com.pl\/?page_id=13#breadcrumb"},"inLanguage":"pl-PL","potentialAction":[{"@type":"ReadAction","target":["https:\/\/przedwojenneobligacje.com.pl\/?page_id=13"]}]},{"@type":"BreadcrumbList","@id":"https:\/\/przedwojenneobligacje.com.pl\/?page_id=13#breadcrumb","itemListElement":[{"@type":"ListItem","position":1,"name":"Home","item":"https:\/\/przedwojenneobligacje.com.pl\/"},{"@type":"ListItem","position":2,"name":"Historia Stowarzyszenia"}]},{"@type":"WebSite","@id":"https:\/\/przedwojenneobligacje.com.pl\/#website","url":"https:\/\/przedwojenneobligacje.com.pl\/","name":"Przedwojenne Obligacje","description":"","potentialAction":[{"@type":"SearchAction","target":{"@type":"EntryPoint","urlTemplate":"https:\/\/przedwojenneobligacje.com.pl\/?s={search_term_string}"},"query-input":"required name=search_term_string"}],"inLanguage":"pl-PL"}]}},"_links":{"self":[{"href":"https:\/\/przedwojenneobligacje.com.pl\/index.php?rest_route=\/wp\/v2\/pages\/13","targetHints":{"allow":["GET"]}}],"collection":[{"href":"https:\/\/przedwojenneobligacje.com.pl\/index.php?rest_route=\/wp\/v2\/pages"}],"about":[{"href":"https:\/\/przedwojenneobligacje.com.pl\/index.php?rest_route=\/wp\/v2\/types\/page"}],"author":[{"embeddable":true,"href":"https:\/\/przedwojenneobligacje.com.pl\/index.php?rest_route=\/wp\/v2\/users\/1"}],"replies":[{"embeddable":true,"href":"https:\/\/przedwojenneobligacje.com.pl\/index.php?rest_route=%2Fwp%2Fv2%2Fcomments&post=13"}],"version-history":[{"count":9,"href":"https:\/\/przedwojenneobligacje.com.pl\/index.php?rest_route=\/wp\/v2\/pages\/13\/revisions"}],"predecessor-version":[{"id":68,"href":"https:\/\/przedwojenneobligacje.com.pl\/index.php?rest_route=\/wp\/v2\/pages\/13\/revisions\/68"}],"wp:attachment":[{"href":"https:\/\/przedwojenneobligacje.com.pl\/index.php?rest_route=%2Fwp%2Fv2%2Fmedia&parent=13"}],"curies":[{"name":"wp","href":"https:\/\/api.w.org\/{rel}","templated":true}]}}